{"id":91,"date":"2021-02-25T14:48:42","date_gmt":"2021-02-25T14:48:42","guid":{"rendered":"http:\/\/www.avebocage.net\/escoladigital\/?page_id=91"},"modified":"2021-02-25T15:01:28","modified_gmt":"2021-02-25T15:01:28","slug":"tipologia-de-equipamentos","status":"publish","type":"page","link":"https:\/\/www.avebocage.net\/escoladigital\/tipologia-de-equipamentos\/","title":{"rendered":"Tipologia de Equipamentos"},"content":{"rendered":"\n<p>CONSTITUI\u00c7\u00c3O DOS KITS<\/p>\n\n\n\n<p><strong><em><u>Port\u00e1teis<\/u><\/em><\/strong><\/p>\n\n\n\n<div class=\"wp-block-columns is-layout-flex wp-container-core-columns-is-layout-9d6595d7 wp-block-columns-is-layout-flex\">\n<div class=\"wp-block-column is-layout-flow wp-block-column-is-layout-flow\" style=\"flex-basis:100%\">\n<div class=\"wp-block-columns is-layout-flex wp-container-core-columns-is-layout-9d6595d7 wp-block-columns-is-layout-flex\">\n<div class=\"wp-block-column is-layout-flow wp-block-column-is-layout-flow\">\n<p>Tipo I<\/p>\n<\/div>\n\n\n\n<div class=\"wp-block-column is-layout-flow wp-block-column-is-layout-flow\">\n<figure class=\"wp-block-image size-large\"><img loading=\"lazy\" decoding=\"async\" width=\"184\" height=\"144\" src=\"https:\/\/www.avebocage.net\/escoladigital\/wp-content\/uploads\/2021\/02\/Tipo-1.jpg\" alt=\"\" class=\"wp-image-96\"\/><\/figure>\n<\/div>\n<\/div>\n<\/div>\n<\/div>\n\n\n\n<div class=\"wp-block-columns is-layout-flex wp-container-core-columns-is-layout-9d6595d7 wp-block-columns-is-layout-flex\">\n<div class=\"wp-block-column is-layout-flow wp-block-column-is-layout-flow\">\n<p>Tipo II<\/p>\n<\/div>\n\n\n\n<div class=\"wp-block-column is-layout-flow wp-block-column-is-layout-flow\">\n<figure class=\"wp-block-image size-large\"><img loading=\"lazy\" decoding=\"async\" width=\"206\" height=\"134\" src=\"https:\/\/www.avebocage.net\/escoladigital\/wp-content\/uploads\/2021\/02\/Tipo-2.jpg\" alt=\"\" class=\"wp-image-95\"\/><\/figure>\n<\/div>\n<\/div>\n\n\n\n<p>Os computadores s\u00e3o entregues com o Sistema Operativo Windows 10 Pro Educa\u00e7\u00e3o pr\u00e9-instalado, n\u00e3o existindo a necessidade de instala\u00e7\u00e3o da plataforma Office da Microsoft. Para realizarem os seus trabalhos, os alunos dever\u00e3o usar a plataforma Google Docs, existente no seu mail institucional. A plataforma de comunica\u00e7\u00e3o e de aulas \u00e0 dist\u00e2ncia escolhida pelo agrupamento \u00e9 o Google Classroom.<\/p>\n","protected":false},"excerpt":{"rendered":"<p>CONSTITUI\u00c7\u00c3O DOS KITS Port\u00e1teis Tipo I Tipo II Os computadores s\u00e3o entregues com o Sistema Operativo Windows 10 Pro Educa\u00e7\u00e3o pr\u00e9-instalado, n\u00e3o existindo a necessidade de instala\u00e7\u00e3o da plataforma Office da Microsoft. Para realizarem os seus trabalhos, os alunos dever\u00e3o usar a plataforma Google Docs, existente no seu mail institucional. A plataforma de comunica\u00e7\u00e3o e [&hellip;]<\/p>\n","protected":false},"author":2,"featured_media":0,"parent":0,"menu_order":0,"comment_status":"closed","ping_status":"closed","template":"","meta":{"footnotes":""},"class_list":["post-91","page","type-page","status-publish","hentry"],"aioseo_notices":[],"_links":{"self":[{"href":"https:\/\/www.avebocage.net\/escoladigital\/wp-json\/wp\/v2\/pages\/91","targetHints":{"allow":["GET"]}}],"collection":[{"href":"https:\/\/www.avebocage.net\/escoladigital\/wp-json\/wp\/v2\/pages"}],"about":[{"href":"https:\/\/www.avebocage.net\/escoladigital\/wp-json\/wp\/v2\/types\/page"}],"author":[{"embeddable":true,"href":"https:\/\/www.avebocage.net\/escoladigital\/wp-json\/wp\/v2\/users\/2"}],"replies":[{"embeddable":true,"href":"https:\/\/www.avebocage.net\/escoladigital\/wp-json\/wp\/v2\/comments?post=91"}],"version-history":[{"count":4,"href":"https:\/\/www.avebocage.net\/escoladigital\/wp-json\/wp\/v2\/pages\/91\/revisions"}],"predecessor-version":[{"id":104,"href":"https:\/\/www.avebocage.net\/escoladigital\/wp-json\/wp\/v2\/pages\/91\/revisions\/104"}],"wp:attachment":[{"href":"https:\/\/www.avebocage.net\/escoladigital\/wp-json\/wp\/v2\/media?parent=91"}],"curies":[{"name":"wp","href":"https:\/\/api.w.org\/{rel}","templated":true}]}}